{"id":2,"date":"2025-07-22T16:41:30","date_gmt":"2025-07-22T15:41:30","guid":{"rendered":"https:\/\/research.soton.ac.uk\/translating-austen\/?page_id=2"},"modified":"2025-09-04T12:32:01","modified_gmt":"2025-09-04T11:32:01","slug":"about","status":"publish","type":"page","link":"https:\/\/research.soton.ac.uk\/translating-austen\/about\/","title":{"rendered":"About the Project"},"content":{"rendered":"\n<h4 class=\"wp-block-heading\">HOW HAS THE WORLD READ JANE AUSTEN?<\/h4>\n\n\n\n<div style=\"height:25px\" aria-hidden=\"true\" class=\"wp-block-spacer\"><\/div>\n\n\n\n<p>In the 250th birthday year of Jane Austen, I reflect on what makes such a quintessentially &#8216;English&#8217; novelist a global celebrity&#8230;<\/p>\n\n\n\n<blockquote class=\"wp-block-quote is-layout-flow wp-block-quote-is-layout-flow\">\n<p>&#8220;It was a sweet view \u2014 sweet to the eye and the mind. English verdure, English culture, English comfort, seen under a sun bright&#8221;<\/p>\n<cite><em>Emma<\/em>, 1816<\/cite><\/blockquote>\n\n\n\n<div class=\"wp-block-columns is-layout-flex wp-container-core-columns-is-layout-28f84493 wp-block-columns-is-layout-flex\">\n<div class=\"wp-block-column is-layout-flow wp-block-column-is-layout-flow\" style=\"flex-basis:25%\">\n<figure class=\"wp-block-image size-large\"><img loading=\"lazy\" decoding=\"async\" width=\"335\" height=\"1024\" src=\"https:\/\/research.soton.ac.uk\/translating-austen\/wp-content\/uploads\/sites\/19\/2025\/08\/Farsi_half1-335x1024.jpg\" alt=\"\" class=\"wp-image-86\" srcset=\"https:\/\/research.soton.ac.uk\/translating-austen\/wp-content\/uploads\/sites\/19\/2025\/08\/Farsi_half1-335x1024.jpg 335w, https:\/\/research.soton.ac.uk\/translating-austen\/wp-content\/uploads\/sites\/19\/2025\/08\/Farsi_half1-98x300.jpg 98w, https:\/\/research.soton.ac.uk\/translating-austen\/wp-content\/uploads\/sites\/19\/2025\/08\/Farsi_half1-768x2348.jpg 768w, https:\/\/research.soton.ac.uk\/translating-austen\/wp-content\/uploads\/sites\/19\/2025\/08\/Farsi_half1-502x1536.jpg 502w, https:\/\/research.soton.ac.uk\/translating-austen\/wp-content\/uploads\/sites\/19\/2025\/08\/Farsi_half1-670x2048.jpg 670w, https:\/\/research.soton.ac.uk\/translating-austen\/wp-content\/uploads\/sites\/19\/2025\/08\/Farsi_half1-scaled.jpg 837w\" sizes=\"auto, (max-width: 335px) 100vw, 335px\" \/><figcaption class=\"wp-element-caption\">Farsi translations, 2009<\/figcaption><\/figure>\n<\/div>\n\n\n\n<div class=\"wp-block-column is-layout-flow wp-block-column-is-layout-flow\" style=\"flex-basis:50%\">\n<p><\/p>\n\n\n\n<p>So claims the narrator of <em>Emma<\/em> in chapter 42. And &#8216;sweet&#8217; indeed has English culture seemed to an international audience &#8211; sweet enough that Austen&#8217;s novels have been translated into over 40 languages worldwide, the first of which appeared during her own lifetime (though she was likely unaware of this).<sup data-fn=\"10d9792e-4470-43f2-bc93-ef6f36a2bf80\" class=\"fn\"><a href=\"#10d9792e-4470-43f2-bc93-ef6f36a2bf80\" id=\"10d9792e-4470-43f2-bc93-ef6f36a2bf80-link\">1<\/a><\/sup><sup data-fn=\"b528dae7-6c61-4a71-87a2-16735d694894\" class=\"fn\"><a href=\"#b528dae7-6c61-4a71-87a2-16735d694894\" id=\"b528dae7-6c61-4a71-87a2-16735d694894-link\">2<\/a><\/sup><\/p>\n<\/div>\n\n\n\n<div class=\"wp-block-column is-layout-flow wp-block-column-is-layout-flow\" style=\"flex-basis:25%\">\n<div class=\"wp-block-columns is-layout-flex wp-container-core-columns-is-layout-28f84493 wp-block-columns-is-layout-flex\">\n<div class=\"wp-block-column is-layout-flow wp-block-column-is-layout-flow\">\n<figure class=\"wp-block-image size-large\"><img loading=\"lazy\" decoding=\"async\" width=\"352\" height=\"1024\" src=\"https:\/\/research.soton.ac.uk\/translating-austen\/wp-content\/uploads\/sites\/19\/2025\/08\/Farsi_half3-352x1024.jpg\" alt=\"\" class=\"wp-image-88\" srcset=\"https:\/\/research.soton.ac.uk\/translating-austen\/wp-content\/uploads\/sites\/19\/2025\/08\/Farsi_half3-352x1024.jpg 352w, https:\/\/research.soton.ac.uk\/translating-austen\/wp-content\/uploads\/sites\/19\/2025\/08\/Farsi_half3-103x300.jpg 103w, https:\/\/research.soton.ac.uk\/translating-austen\/wp-content\/uploads\/sites\/19\/2025\/08\/Farsi_half3-768x2231.jpg 768w, https:\/\/research.soton.ac.uk\/translating-austen\/wp-content\/uploads\/sites\/19\/2025\/08\/Farsi_half3-705x2048.jpg 705w, https:\/\/research.soton.ac.uk\/translating-austen\/wp-content\/uploads\/sites\/19\/2025\/08\/Farsi_half3-scaled.jpg 881w\" sizes=\"auto, (max-width: 352px) 100vw, 352px\" \/><figcaption class=\"wp-element-caption\">Courtesy of Jane Austen&#8217;s House<\/figcaption><\/figure>\n<\/div>\n<\/div>\n<\/div>\n<\/div>\n\n\n\n<p>Austen herself was not credited in any of the earliest translations until 1821, with Isabelle de Montolieu&#8217;s French translation of <em>Persuasion<\/em>, entitled <em>La Famille Elliot<\/em>.<sup data-fn=\"9bd6ee10-56a6-4b70-96b7-132b6d42a7d4\" class=\"fn\"><a href=\"#9bd6ee10-56a6-4b70-96b7-132b6d42a7d4\" id=\"9bd6ee10-56a6-4b70-96b7-132b6d42a7d4-link\">3<\/a><\/sup> Since then, she has been rendered with various names &#8211; Jeanne Austen, Johanna Austen &#8211; and her plots have been variously misconstrued, expanded upon, or cut down severely. As scholars, enthusiasts, and readers, now is the time to consider her global legacy, and how the world reads Austen.<\/p>\n\n\n\n<p>Data on translations of Austen&#8217;s works could be synthesised into a searchable database, allowing readers to explore her global reach and the spread of her novels around the world. In what year did Austen come to France? To China? To India? Where are the peaks in translation activity, and why do they occur? What of retranslations, where a translator worked not from the original text but from a previous translation? What can these tell us about cultural and linguistic connections across the globe?<\/p>\n\n\n\n<p>A digital humanities project could shine a light on the early translators of Austen&#8217;s works, often women, who took her texts and ran with them in all kinds of fascinating ways. What else were these translators translating? How did they interact with the publishers and other players in the literary marketplace?<\/p>\n\n\n\n<p>Interactive maps would allow readers to explore, say, the publishing houses of nineteenth-century Paris, or plot the first translation of every country in Europe.<\/p>\n\n\n\n<p>This website makes a start on all of these ideas, as I investigate what is possible, practical, and useful to record of Austen&#8217;s translations. Crucially, I want this to be a project for all. The idea is to start with a database that could be of use to for researchers and teachers at all levels, and to test how such data could be presented to be accessible and of interest to fans and readers.<\/p>\n\n\n\n<p>I have been inspired by book\/manuscript studies approaches alongside digital humanities techniques. The resulting project is a glimpse into what might be possible to achieve when thinking about the history of translation of Austen. I am conscious that this is not the whole story \u2013 of course more translations exist, and will need cataloguing, in due course.<\/p>\n\n\n\n<p>This is a collaborative project. I have already consulted with some translations experts and Austen scholars worldwide, thanks to the University of Southampton&#8217;s <em><a href=\"https:\/\/www.southampton.ac.uk\/humanities\/news\/events\/2024\/08\/the-global-jane-austen-celebrating-and-commemorating-250-years-of-jane-austen-english-university-of-southampton.page\">Global Jane Austen<\/a><\/em> conference. And I value your input, too &#8211; please see the Contributions section if you have any information, notes, or comments you would like to share.<\/p>\n\n\n\n<h3 class=\"wp-block-heading\">My Visit to Chawton<\/h3>\n\n\n\n<p>During the course of this research project, I had the privilege of visiting the village of Chawton, only a short drive from Southampton, where Austen lived for the last 8 years of her life. Both Chawton House, her brother&#8217;s estate, and Jane Austen&#8217;s House, the cottage where she lived, hold collections of translations that have been donated by translators and fans from around the world, which I was able to view and photograph for the project. More information about the collections in Chawton can be found on the &#8216;Maps&#8217; and &#8216;Illustrating Austen&#8217; pages.<\/p>\n\n\n\n<div style=\"height:100px\" aria-hidden=\"true\" class=\"wp-block-spacer\"><\/div>\n\n\n<ol class=\"wp-block-footnotes\"><li id=\"10d9792e-4470-43f2-bc93-ef6f36a2bf80\">Jane Austen&#8217;s House, <a href=\"https:\/\/janeaustens.house\/\">https:\/\/janeaustens.house\/<\/a> <a href=\"#10d9792e-4470-43f2-bc93-ef6f36a2bf80-link\" aria-label=\"Jump to footnote reference 1\">\u21a9\ufe0e<\/a><\/li><li id=\"b528dae7-6c61-4a71-87a2-16735d694894\"><em>The Reception of Jane Austen in Europe<\/em>, ed. by Anthony Mandal and Brian Southam (Continuum, 2007) <a href=\"#b528dae7-6c61-4a71-87a2-16735d694894-link\" aria-label=\"Jump to footnote reference 2\">\u21a9\ufe0e<\/a><\/li><li id=\"9bd6ee10-56a6-4b70-96b7-132b6d42a7d4\">Lucile Trunel,\u00a0<em>Les \u00e9ditions fran\u00e7aises de Jane Austen 1815\u20132007: L\u2019apport de l\u2019histoire \u00e9ditoriale \u00e0 la compr\u00e9hension de la r\u00e9ception de l\u2019auteur en France<\/em>\u00a0(Paris, 2010) <a href=\"#9bd6ee10-56a6-4b70-96b7-132b6d42a7d4-link\" aria-label=\"Jump to footnote reference 3\">\u21a9\ufe0e<\/a><\/li><\/ol>\n\n\n<p><\/p>\n","protected":false},"excerpt":{"rendered":"<p>HOW HAS THE WORLD READ JANE AUSTEN? In the 250th birthday year of Jane Austen, I reflect on what makes such a quintessentially &#8216;English&#8217; novelist a global celebrity&#8230; &#8220;It was a sweet view \u2014 sweet to the eye and the mind. English verdure, English culture, English comfort, seen under a sun bright&#8221; Emma, 1816 So [&hellip;]<\/p>\n","protected":false},"author":49,"featured_media":138,"parent":0,"menu_order":0,"comment_status":"closed","ping_status":"open","template":"","meta":{"footnotes":"[{\"id\":\"10d9792e-4470-43f2-bc93-ef6f36a2bf80\",\"content\":\"Jane Austen's House, <a href=\\\"https:\\\/\\\/janeaustens.house\\\/\\\">https:\\\/\\\/janeaustens.house\\\/<\\\/a>\"},{\"id\":\"b528dae7-6c61-4a71-87a2-16735d694894\",\"content\":\"<em>The Reception of Jane Austen in Europe<\\\/em>, ed. by Anthony Mandal and Brian Southam (Continuum, 2007)\"},{\"id\":\"9bd6ee10-56a6-4b70-96b7-132b6d42a7d4\",\"content\":\"Lucile Trunel,\\u00a0<em>Les \\u00e9ditions fran\\u00e7aises de Jane Austen 1815\\u20132007: L\\u2019apport de l\\u2019histoire \\u00e9ditoriale \\u00e0 la compr\\u00e9hension de la r\\u00e9ception de l\\u2019auteur en France<\\\/em>\\u00a0(Paris, 2010)\"}]"},"class_list":["post-2","page","type-page","status-publish","has-post-thumbnail","hentry"],"_links":{"self":[{"href":"https:\/\/research.soton.ac.uk\/translating-austen\/wp-json\/wp\/v2\/pages\/2","targetHints":{"allow":["GET"]}}],"collection":[{"href":"https:\/\/research.soton.ac.uk\/translating-austen\/wp-json\/wp\/v2\/pages"}],"about":[{"href":"https:\/\/research.soton.ac.uk\/translating-austen\/wp-json\/wp\/v2\/types\/page"}],"author":[{"embeddable":true,"href":"https:\/\/research.soton.ac.uk\/translating-austen\/wp-json\/wp\/v2\/users\/49"}],"replies":[{"embeddable":true,"href":"https:\/\/research.soton.ac.uk\/translating-austen\/wp-json\/wp\/v2\/comments?post=2"}],"version-history":[{"count":34,"href":"https:\/\/research.soton.ac.uk\/translating-austen\/wp-json\/wp\/v2\/pages\/2\/revisions"}],"predecessor-version":[{"id":464,"href":"https:\/\/research.soton.ac.uk\/translating-austen\/wp-json\/wp\/v2\/pages\/2\/revisions\/464"}],"wp:featuredmedia":[{"embeddable":true,"href":"https:\/\/research.soton.ac.uk\/translating-austen\/wp-json\/wp\/v2\/media\/138"}],"wp:attachment":[{"href":"https:\/\/research.soton.ac.uk\/translating-austen\/wp-json\/wp\/v2\/media?parent=2"}],"curies":[{"name":"wp","href":"https:\/\/api.w.org\/{rel}","templated":true}]}}